{"id":174,"date":"2024-07-16T07:48:27","date_gmt":"2024-07-16T07:48:27","guid":{"rendered":"https:\/\/smart-chip.ch\/?page_id=174"},"modified":"2026-03-05T16:11:35","modified_gmt":"2026-03-05T16:11:35","slug":"termsofuse","status":"publish","type":"page","link":"https:\/\/smart-chip.com\/de\/termsofuse\/","title":{"rendered":"AGB"},"content":{"rendered":"<section class=\"l-section wpb_row height_medium width_custom\" style=\"--site-content-width:750px;\"><div class=\"l-section-h i-cf\"><div class=\"g-cols vc_row via_grid cols_1 laptops-cols_inherit tablets-cols_inherit mobiles-cols_1 valign_top type_default stacking_default\"><div class=\"wpb_column vc_column_container\"><div class=\"vc_column-inner\"><div class=\"wpb_text_column\"><div class=\"wpb_wrapper\"><h3>AGB<\/h3>\n<\/div><\/div><div class=\"w-separator size_small\"><\/div><div class=\"wpb_text_column\"><div class=\"wpb_wrapper\"><h5>Smart Chip Switzerland<\/h5>\n<\/div><\/div><\/div><\/div><\/div><\/div><\/section><section class=\"l-section wpb_row height_medium width_custom\" style=\"--site-content-width:750px;\"><div class=\"l-section-h i-cf\"><div class=\"g-cols vc_row via_grid cols_1 laptops-cols_inherit tablets-cols_inherit mobiles-cols_1 valign_top type_default stacking_default\"><div class=\"wpb_column vc_column_container\"><div class=\"vc_column-inner\"><div class=\"wpb_text_column\"><div class=\"wpb_wrapper\"><h5>1. Einf\u00fchrung<\/h5>\n<p>Bitte lies diese Vereinbarung sorgf\u00e4ltig durch, bevor du versuchst, einen Smart Chip zu verbinden oder Dienste zu nutzen. Diese Bedingungen gelten unabh\u00e4ngig von dem Ger\u00e4t, das du verwendest (einschliesslich Desktop-, Laptop- oder Mobiltelefonen und jeder anderen Technologie, unabh\u00e4ngig davon, ob sie jetzt bekannt ist oder in Zukunft entwickelt wird). Indem du auf den Online-Dienst zugreifst, Smart Chips kaufst oder ein Abonnement abschliesst, erkl\u00e4rst du dich mit diesen Bedingungen einverstanden, die auf unserer Website ver\u00f6ffentlicht werden und jederzeit ge\u00e4ndert werden k\u00f6nnen. Wenn du nicht an diese Bedingungen gebunden sein m\u00f6chtest, darfst du die App nicht nutzen.<\/p>\n<h5>2. Aktivierung und Nutzungsdauer des Smart Chips<\/h5>\n<p>So wie deine Fingern\u00e4gel nat\u00fcrlich wachsen, tut das auch der Smart Chip. Wir von der Smart Chip Switzerland AG gehen daher davon aus, dass ein Smart Chip eine Lebensdauer von 2 Monaten hat. Danach muss der Smart Chip von einem zertifizierten Beauty-Stylisten neu aufgetragen werden. Aus diesem Grund und um Missbrauch so weit wie m\u00f6glich zu verhindern, ist die maximale Lebensdauer des Chips auf 3 Monate festgelegt. Nach diesem Zeitraum wird jeder Smart Chip automatisch deaktiviert.<\/p>\n<p>Die Deaktivierung hat keine Auswirkungen auf etwaige Guthaben und alle Verkn\u00fcpfungen zu Diensten k\u00f6nnen in der App auf den neuen Smart Chip \u00fcbertragen werden. Aus Sicherheitsgr\u00fcnden m\u00fcssen z.B. Zahlungskarten in der Bank-App neu autorisiert werden.<\/p>\n<p>Bitte beachte die folgenden Punkte:<\/p>\n<p>a. Mit dem Kauf und der Anbringung eines Smart Chips bei einem von Smart Chip Switzerland zertifizierten Anbieter erwirbt der Kunde das Recht, ihn f\u00fcr maximal 3 Monate zu nutzen. Der Chip wird 3 Monate nach der Aktivierung automatisch deaktiviert.<\/p>\n<p>b. Die Dienstleistung f\u00fcr das Anbringen des Smart Chips wird vom Nagelstudio oder Smart Chip Service Point gesondert in Rechnung gestellt.<\/p>\n<p>c. Der Smart Chip muss mit dem Fingernagel verbunden sein, andernfalls beh\u00e4lt sich Smart Chip Switzerland AG das Recht vor, ihn unverz\u00fcglich zu deaktivieren.<\/p>\n<p>d. Es muss eine Online-Verbindung zum Internet vorhanden sein, damit der Smart Chip mit der App verbunden werden kann. Andernfalls k\u00f6nnen die verschl\u00fcsselten Zahlungskartendaten nicht synchronisiert werden und die Genehmigung der Bank kann nicht eingeholt werden. Auch seitens der Bank kann es zu Verz\u00f6gerungen bei der \u00dcberpr\u00fcfung kommen.<\/p>\n<p>e. Wer das Inlay mutwillig zerlegt und seine Bestandteile in einem anderen Ger\u00e4t verwenden will, gilt als sofort vom Vertrag zur\u00fcckgetreten. Smart Chip Switzerland AG beh\u00e4lt sich das Recht vor, den Chip zu deaktivieren und das Konto zu k\u00fcndigen, ohne eine R\u00fcckerstattung zu leisten.<\/p>\n<h5>3. Zahlungsfunktion<\/h5>\n<p>Die Smart Chip Switzerland AG erm\u00f6glicht es Kunden, die Bezahlfunktion des Smart Chips \u00fcber die App zu nutzen.<\/p>\n<p>Die Smart Chip Switzerland AG stellt lediglich die Verbindung zum Zahlungsdienstleister und damit zur Bank her und ist in keiner Weise f\u00fcr Transaktionen oder Missbrauch verantwortlich.<\/p>\n<p>Damit Zahlungen sicher abgewickelt werden k\u00f6nnen, musst du im Besitz einer g\u00fcltigen Zahlungskarte einer Bank sein und die Bank muss Smart Chip als Zahlungsmittel akzeptieren. Smart Chip Switzerland AG kann in keiner Weise daf\u00fcr verantwortlich gemacht werden, wenn die Bank das Konto schliesst oder dem Verbraucher den Dienst verweigert.<\/p>\n<p>Der Smart Chip Switzerland AG ist bekannt, dass Banken, die als Herausgeber von Zahlungskarten auftreten, unter anderem Mastercard die Erlaubnis (Opt-in) erteilen m\u00fcssen, Zahlungen \u00fcber ihre Zahlungskarten abzuwickeln (insbesondere kontaktlose Zahlungen). Wenn die Zahlungskarte deiner Bank nicht zu den Banken geh\u00f6rt, die die entsprechende Genehmigung erteilt haben, hast du die M\u00f6glichkeit, eine virtuelle Prepaid-Karte \u00fcber andere Anbieter zu abonnieren. Smart Chip Switzerland AG wird dich so schnell wie m\u00f6glich informieren, sobald deine Bank f\u00fcr Zahlungen mit Smart Chip verf\u00fcgbar ist.<\/p>\n<h5>4. Bedingungen f\u00fcr den Zugriff auf den Online-Dienst<\/h5>\n<p>Das Herunterladen der Smart Chip App ist f\u00fcr Kunden kostenlos.<\/p>\n<p>Die Smart Chip Switzerland AG arbeitet aktiv daran, in \u00dcbereinstimmung mit verschiedenen Sicherheitsvorschriften weitere Dienste in die App zu integrieren, die es dir erm\u00f6glichen, den Smart Chip mit zus\u00e4tzlichen Funktionen auszustatten (z.B. Zutritt, Kundenkarten, Tickets, etc.).<\/p>\n<p>Durch die Nutzung jeder neuen Funktion kannst du neue Gesch\u00e4ftsbedingungen mit den jeweiligen Anbietern abschliessen, sofern du diese durch Anklicken akzeptierst. Wenn ein Teil der zus\u00e4tzlichen Bedingungen im Widerspruch zu einer Bestimmung dieses Abonnementvertrags steht, haben die zus\u00e4tzlichen Bedingungen Vorrang, jedoch nur insoweit, als die bestehenden Bedingungen nicht anwendbar sind.<\/p>\n<h5>5. Manipulation des Smart Chips oder der Smart Chip App<\/h5>\n<p>Wir raten dir dringend davon ab, deinen Smart Chip in irgendeiner Weise zu manipulieren. Wir \u00fcbernehmen keine Verantwortung f\u00fcr Sch\u00e4den, die durch solche Ver\u00e4nderungen und Manipulationen entstehen. Dein Konto kann eingeschr\u00e4nkt oder geschlossen werden, wenn der Smart Chip und\/oder die mit deinem Konto verbundenen Karten manipuliert wurden.<\/p>\n<h5>6. Haftungsausschluss<\/h5>\n<p>Mit dem Kauf von Smart Chips \u00fcber die App erwirbst du das Recht, einen Smart Chip in einem Studio deiner Wahl anbringen zu lassen. In jedem Fall beschr\u00e4nkt sich unsere Haftung auf die Funktionalit\u00e4t des Smart Chips selbst, nicht aber auf die Dienstleistung, die das Studio im Zusammenhang mit der Anwendung des Smart Chips erbringt.<\/p>\n<p>Die Haftung der Smart Chip Switzerland AG f\u00fcr Verluste, die du infolge unseres Vertragsbruchs, einschliesslich des vors\u00e4tzlichen Vertragsbruchs, erleidest, ist strikt auf den Kaufpreis der Materialien und alle von dir und uns zum Zeitpunkt der Bestellung vorhersehbaren Verluste beschr\u00e4nkt.<\/p>\n<p>Wir sind nicht f\u00fcr indirekte Verluste verantwortlich, die mit dem Hauptverlust oder -schaden einhergehen, selbst wenn diese Verluste aus einem vors\u00e4tzlichen Versto\u00df gegen diese Bedingungen durch uns resultieren, der dich zur K\u00fcndigung des Vertrags zwischen uns berechtigen w\u00fcrde, einschliesslich, aber nicht beschr\u00e4nkt auf:<\/p>\n<ul>\n<li>Verlust von Einkommen oder Einnahmen<\/li>\n<li>Verlust des Gesch\u00e4fts<\/li>\n<li>Verlust von Gewinnen oder Vertr\u00e4gen<\/li>\n<li>Verlust von erwarteten Einsparungen<\/li>\n<li>Datenverlust<\/li>\n<li>Verlust von Daten, oder<\/li>\n<li>Verschwendung von Management- oder B\u00fcrozeit, unabh\u00e4ngig davon, wie sie entstanden ist und ob sie durch eine unerlaubte Handlung (einschliesslich Fahrl\u00e4ssigkeit), einen Vertragsbruch oder anderweitig verursacht wurde, selbst wenn sie vorhersehbar war.<\/li>\n<\/ul>\n<h5>7. Anpassungen der Inhalte und Dienste<\/h5>\n<p>Wir behalten uns das Recht vor, \u00c4nderungen oder Korrekturen vorzunehmen, jeden Aspekt des Online-Dienstes, einschliesslich deines Zugangs, zu modifizieren, auszusetzen oder einzustellen. Sofern nicht ausdr\u00fccklich anders angegeben, unterliegen alle neuen Funktionen diesen Bedingungen. Bitte beachte, dass wir uns zwar bem\u00fchen, den Inhalt unserer Website und\/oder des Online-Dienstes so genau wie m\u00f6glich zu halten, unsere Website und\/oder der Online-Dienst jedoch Tippfehler oder andere Ungenauigkeiten enthalten k\u00f6nnen.<\/p>\n<h5>8. Geistiges Eigentum<\/h5>\n<p>Die Inhalte der Web-\/App-Anwendung sind durch internationale Urheberrechtsgesetze und andere geistige Eigentumsrechte gesch\u00fctzt. Der Inhaber dieser Rechte ist die Smart Chip Switzerland AG, unsere verbundenen Unternehmen oder andere Drittlizenzgeber. Alle Produkt- und Firmennamen und Logos, die auf unserer Website oder unserem Online-Dienst enthalten sind, sind Marken, Dienstleistungsmarken oder Handelsnamen ihrer jeweiligen Eigent\u00fcmer, einschliesslich uns.<\/p>\n<p>Der gesamte Inhalt und die Funktionalit\u00e4t der Website, einschliesslich der Texte, Grafiken, Logos, Icons, Bilder und Videos sowie deren Auswahl und Anordnung, zus\u00e4tzlich zu den Konzepten, dem Know-how, den Tools, der Software, den Anwendungen oder anderen Technologien, Algorithmen, Modellen, Prozessen und Branchenperspektiven, die dem Vorstehenden zugrunde liegen oder darin eingebettet sind, sowie alle Erweiterungen oder abgeleiteten Werke davon (der \"Website-Inhalt\") sind das ausschliessliche Eigentum der Smart Chip Switzerland AG oder ihrer Lizenzgeber und sind durch schweizerische und internationale Urheberrechtsgesetze gesch\u00fctzt, sofern anwendbar. Weder der Website-Inhalt noch die Funktionalit\u00e4t der Website d\u00fcrfen ohne unsere schriftliche Genehmigung kopiert, reproduziert, modifiziert, zur\u00fcckentwickelt, ver\u00e4ndert (einschliesslich der Entfernung oder Deaktivierung von Sicherheits- oder technischen Schutzmassnahmen, Haftungsausschl\u00fcssen oder Legenden), hochgeladen, ver\u00f6ffentlicht, gepostet, \u00fcbertragen oder in irgendeiner Weise verteilt werden, mit Ausnahme der gew\u00e4hrten Rechte. Alle nicht ausdr\u00fccklich gew\u00e4hrten Rechte sind vorbehalten.<\/p>\n<h5>9. Im Allgemeinen<\/h5>\n<p>Wir d\u00fcrfen Rechte abtreten und\/oder Verpflichtungen aus diesen Bedingungen \u00fcbertragen, untervergeben oder delegieren und\/oder diese Bedingungen oder unsere jeweiligen Rechte oder Verpflichtungen belasten oder anderweitig mit ihnen handeln. Jede angebliche Abtretung, \u00dcbertragung, Untervertrag, Delegation, Aufrechnung oder jeder Handel, der gegen diese Klausel verst\u00f6sst, ist nichtig. Diese Allgemeinen Gesch\u00e4ftsbedingungen gelten f\u00fcr dich pers\u00f6nlich und werden von dir zu deinem eigenen Vorteil und nicht zum Vorteil Dritter abgeschlossen.<\/p>\n<p>Diese Allgemeinen Gesch\u00e4ftsbedingungen bilden zusammen mit den Datenschutzbestimmungen, den zus\u00e4tzlichen Bedingungen und den Anweisungen zur Zahlungsmethode, falls vorhanden, die gesamte Vereinbarung zwischen dir und Smart Chip Switzerland AG. Du best\u00e4tigst, dass du diese Vereinbarung nicht im Vertrauen auf eine Zusicherung, Garantie oder Zusage von Smart Chip Switzerland AG oder einer anderen Person geschlossen hast, und du verzichtest unwiderruflich und bedingungslos auf alle Rechte, Schadenersatz zu fordern und\/oder diese Bedingungen aufgrund einer falschen Darstellung (ausser einer arglistigen falschen Darstellung), die nicht in den Bedingungen, der Datenschutzrichtlinie, dem Bestellformular und den Anweisungen zur Zahlungsmethode enthalten ist, zu widerrufen.<\/p>\n<p>Diese Bedingungen und deine Nutzung unserer Website unterliegen dem Schweizer Recht und du unterwirfst dich der nicht ausschliesslichen Gerichtsbarkeit der Schweizer Gerichte.<\/p>\n<p>Mit Ausnahme von Zahlungsverpflichtungen haften weder du noch die Smart Chip Switzerland AG f\u00fcr die Nichterf\u00fcllung einer Verpflichtung gegen\u00fcber der anderen Partei aufgrund von Ursachen, die ausserhalb deiner oder der zumutbaren Kontrolle der Smart Chip Switzerland AG liegen.<\/p>\n<p>Unterl\u00e4sst oder verz\u00f6gert eine der Parteien die Durchsetzung einer Verpflichtung oder die Aus\u00fcbung eines Rechts gem\u00e4ss diesen Bedingungen, so gilt dies nicht als Verzicht auf dieses Recht oder diesen Rechtsbehelf. Die Smart Chip Switzerland AG ist beim Handelsregisteramt Luzern unter der Nummer CH-100.3.796.967-7 eingetragen. Diese Allgemeinen Gesch\u00e4ftsbedingungen verleihen keiner Person oder Partei (ausser dir und\/oder uns) Rechte gem\u00e4ss dem Contracts (Rights of Third Parties) Act 1999.<\/p>\n<h5>10. Benachrichtigungen<\/h5>\n<p>Alle Benachrichtigungen sind zu richten an: uns per E-Mail an info@smart-chip.com oder per Post an<\/p>\n<p>Smart Chip Switzerland AG, Wassergrabe 3, 6210 Sursee, Schweiz; oder<\/p>\n<p>an die von dir w\u00e4hrend des Bestellvorgangs angegebene E-Mail- oder Postadresse.<\/p>\n<h5>11. Zust\u00e4ndigkeit<\/h5>\n<p>Sofern gesetzlich nicht anders vorgeschrieben, ist der ausschliessliche Gerichtsstand 6210 Sursee, Schweiz.<\/p>\n<\/div><\/div><\/div><\/div><\/div><\/div><\/section>","protected":false},"excerpt":{"rendered":"Terms of Service Smart Chip Switzerland 1. Introduction Please read this agreement carefully before attempting to link a Smart Chip or connect services. These terms and conditions apply regardless of the device you use (including desktop, laptop or cell phones and any other technology, whether known now or developed in the future). By accessing the...","protected":false},"author":1,"featured_media":0,"parent":0,"menu_order":0,"comment_status":"closed","ping_status":"closed","template":"","meta":{"_acf_changed":false,"footnotes":""},"class_list":["post-174","page","type-page","status-publish","hentry"],"acf":[],"yoast_head":"<!-- This site is optimized with the Yoast SEO plugin v27.2 - https:\/\/yoast.com\/product\/yoast-seo-wordpress\/ -->\n<title>Terms of Use \u2014 Smart Chip<\/title>\n<meta name=\"robots\" content=\"index, follow, max-snippet:-1, max-image-preview:large, max-video-preview:-1\" \/>\n<link rel=\"canonical\" href=\"https:\/\/smart-chip.com\/de\/termsofuse\/\" \/>\n<meta property=\"og:locale\" content=\"de_DE\" \/>\n<meta property=\"og:type\" content=\"article\" \/>\n<meta property=\"og:title\" content=\"Terms of Use \u2014 Smart Chip\" \/>\n<meta property=\"og:url\" content=\"https:\/\/smart-chip.com\/de\/termsofuse\/\" \/>\n<meta property=\"og:site_name\" content=\"Smart Chip\" \/>\n<meta property=\"article:modified_time\" content=\"2026-03-05T16:11:35+00:00\" \/>\n<meta name=\"twitter:card\" content=\"summary_large_image\" \/>\n<meta name=\"twitter:label1\" content=\"Gesch\u00e4tzte Lesezeit\" \/>\n\t<meta name=\"twitter:data1\" content=\"8\u00a0Minuten\" \/>\n<script type=\"application\/ld+json\" class=\"yoast-schema-graph\">{\"@context\":\"https:\/\/schema.org\",\"@graph\":[{\"@type\":\"WebPage\",\"@id\":\"https:\/\/smart-chip.com\/termsofuse\/\",\"url\":\"https:\/\/smart-chip.com\/termsofuse\/\",\"name\":\"Terms of Use \u2014 Smart Chip\",\"isPartOf\":{\"@id\":\"https:\/\/smart-chip.com\/#website\"},\"datePublished\":\"2024-07-16T07:48:27+00:00\",\"dateModified\":\"2026-03-05T16:11:35+00:00\",\"breadcrumb\":{\"@id\":\"https:\/\/smart-chip.com\/termsofuse\/#breadcrumb\"},\"inLanguage\":\"de\",\"potentialAction\":[{\"@type\":\"ReadAction\",\"target\":[\"https:\/\/smart-chip.com\/termsofuse\/\"]}]},{\"@type\":\"BreadcrumbList\",\"@id\":\"https:\/\/smart-chip.com\/termsofuse\/#breadcrumb\",\"itemListElement\":[{\"@type\":\"ListItem\",\"position\":1,\"name\":\"Home\",\"item\":\"https:\/\/smart-chip.com\/\"},{\"@type\":\"ListItem\",\"position\":2,\"name\":\"Terms of Service\"}]},{\"@type\":\"WebSite\",\"@id\":\"https:\/\/smart-chip.com\/#website\",\"url\":\"https:\/\/smart-chip.com\/\",\"name\":\"Smart Chip - The world at your fingertip\",\"description\":\"The world at your fingertip\",\"potentialAction\":[{\"@type\":\"SearchAction\",\"target\":{\"@type\":\"EntryPoint\",\"urlTemplate\":\"https:\/\/smart-chip.com\/?s={search_term_string}\"},\"query-input\":{\"@type\":\"PropertyValueSpecification\",\"valueRequired\":true,\"valueName\":\"search_term_string\"}}],\"inLanguage\":\"de\"}]}<\/script>\n<!-- \/ Yoast SEO plugin. -->","yoast_head_json":{"title":"Nutzungsbedingungen - Smart Chip","robots":{"index":"index","follow":"follow","max-snippet":"max-snippet:-1","max-image-preview":"max-image-preview:large","max-video-preview":"max-video-preview:-1"},"canonical":"https:\/\/smart-chip.com\/de\/termsofuse\/","og_locale":"de_DE","og_type":"article","og_title":"Terms of Use \u2014 Smart Chip","og_url":"https:\/\/smart-chip.com\/de\/termsofuse\/","og_site_name":"Smart Chip","article_modified_time":"2026-03-05T16:11:35+00:00","twitter_card":"summary_large_image","twitter_misc":{"Gesch\u00e4tzte Lesezeit":"8\u00a0Minuten"},"schema":{"@context":"https:\/\/schema.org","@graph":[{"@type":"WebPage","@id":"https:\/\/smart-chip.com\/termsofuse\/","url":"https:\/\/smart-chip.com\/termsofuse\/","name":"Nutzungsbedingungen - Smart Chip","isPartOf":{"@id":"https:\/\/smart-chip.com\/#website"},"datePublished":"2024-07-16T07:48:27+00:00","dateModified":"2026-03-05T16:11:35+00:00","breadcrumb":{"@id":"https:\/\/smart-chip.com\/termsofuse\/#breadcrumb"},"inLanguage":"de","potentialAction":[{"@type":"ReadAction","target":["https:\/\/smart-chip.com\/termsofuse\/"]}]},{"@type":"BreadcrumbList","@id":"https:\/\/smart-chip.com\/termsofuse\/#breadcrumb","itemListElement":[{"@type":"ListItem","position":1,"name":"Home","item":"https:\/\/smart-chip.com\/"},{"@type":"ListItem","position":2,"name":"Terms of Service"}]},{"@type":"WebSite","@id":"https:\/\/smart-chip.com\/#website","url":"https:\/\/smart-chip.com\/","name":"Smart Chip - Die Welt an deiner Fingerspitze","description":"Die Welt an deiner Fingerspitze","potentialAction":[{"@type":"SearchAction","target":{"@type":"EntryPoint","urlTemplate":"https:\/\/smart-chip.com\/?s={search_term_string}"},"query-input":{"@type":"PropertyValueSpecification","valueRequired":true,"valueName":"search_term_string"}}],"inLanguage":"de"}]}},"_links":{"self":[{"href":"https:\/\/smart-chip.com\/de\/wp-json\/wp\/v2\/pages\/174","targetHints":{"allow":["GET"]}}],"collection":[{"href":"https:\/\/smart-chip.com\/de\/wp-json\/wp\/v2\/pages"}],"about":[{"href":"https:\/\/smart-chip.com\/de\/wp-json\/wp\/v2\/types\/page"}],"author":[{"embeddable":true,"href":"https:\/\/smart-chip.com\/de\/wp-json\/wp\/v2\/users\/1"}],"replies":[{"embeddable":true,"href":"https:\/\/smart-chip.com\/de\/wp-json\/wp\/v2\/comments?post=174"}],"version-history":[{"count":0,"href":"https:\/\/smart-chip.com\/de\/wp-json\/wp\/v2\/pages\/174\/revisions"}],"wp:attachment":[{"href":"https:\/\/smart-chip.com\/de\/wp-json\/wp\/v2\/media?parent=174"}],"curies":[{"name":"wp","href":"https:\/\/api.w.org\/{rel}","templated":true}]}}