{"id":3,"date":"2024-07-08T07:46:59","date_gmt":"2024-07-08T07:46:59","guid":{"rendered":"https:\/\/smart-chip.ch\/?page_id=3"},"modified":"2026-03-05T16:10:46","modified_gmt":"2026-03-05T16:10:46","slug":"privacy","status":"publish","type":"page","link":"https:\/\/smart-chip.com\/de\/privacy\/","title":{"rendered":"Daten\u00adschutz\u00adbestim&shy;mungen"},"content":{"rendered":"<section class=\"l-section wpb_row height_medium width_custom\" style=\"--site-content-width:750px;\"><div class=\"l-section-h i-cf\"><div class=\"g-cols vc_row via_grid cols_1 laptops-cols_inherit tablets-cols_inherit mobiles-cols_1 valign_top type_default stacking_default\"><div class=\"wpb_column vc_column_container\"><div class=\"vc_column-inner\"><div class=\"wpb_text_column\"><div class=\"wpb_wrapper\"><h3>Daten\u00adschutz\u00adbestim&shy;mungen<\/h3>\n<\/div><\/div><div class=\"w-separator size_small\"><\/div><div class=\"wpb_text_column us_custom_33b9ee00\"><div class=\"wpb_wrapper\"><h5>Smart Chip Switzerland<\/h5>\n<\/div><\/div><\/div><\/div><\/div><\/div><\/section><section class=\"l-section wpb_row height_medium width_custom\" style=\"--site-content-width:750px;\"><div class=\"l-section-h i-cf\"><div class=\"g-cols vc_row via_grid cols_1 laptops-cols_inherit tablets-cols_inherit mobiles-cols_1 valign_top type_default stacking_default\"><div class=\"wpb_column vc_column_container\"><div class=\"vc_column-inner\"><div class=\"wpb_text_column us_custom_2dbf7b3f\"><div class=\"wpb_wrapper\"><h5>Einf\u00fchrung<\/h5>\n<p>Wir bei Smart Chip respektieren deine Privatsph\u00e4re und verpflichten uns, die Privatsph\u00e4re unserer Nutzer\/innen zu sch\u00fctzen. Diese Datenschutzrichtlinie beschreibt unsere Praktiken in Bezug auf die Erhebung, Nutzung und Weitergabe deiner Daten bei der Nutzung unserer Website (zusammenfassend: \"die Dienste\"). Wir empfehlen dir, die Datenschutzrichtlinie sorgf\u00e4ltig zu lesen und sie zu nutzen, um fundierte Entscheidungen zu treffen. Die Datenschutzrichtlinie ist Teil unserer Nutzungsbedingungen und wird durch Verweise in diese aufgenommen. Indem du unsere Dienste nutzt, erkl\u00e4rst du dich mit den Bedingungen dieser Datenschutzrichtlinie einverstanden, und deine fortgesetzte Nutzung der Dienste bedeutet, dass du diese Datenschutzrichtlinie weiterhin akzeptierst. In dieser Datenschutzrichtlinie erf\u00e4hrst du Folgendes:<\/p>\n<ul>\n<li>Welche Art von Informationen wir sammeln<\/li>\n<li>Wie wir deine Informationen sammeln<\/li>\n<li>Informationen \u00fcber die von uns verwendeten Cookies<\/li>\n<li>Wie wir die von uns gesammelten Informationen verwenden, mit wem wir sie teilen und zu welchem Zweck<\/li>\n<li>Wie lange wir die von uns gesammelten Informationen aufbewahren<\/li>\n<li>Wie wir deine Informationen sch\u00fctzen<\/li>\n<li>Wie wir die von uns gesammelten Informationen f\u00fcr Marketingzwecke nutzen<\/li>\n<li>Wie du uns kontaktierst<\/li>\n<\/ul>\n<h5>Welche Art von Informationen wir sammeln<\/h5>\n<p>Als Teil des Registrierungsprozesses f\u00fcr unseren Tokenisierungsdienst erheben wir die folgenden pers\u00f6nlichen Daten.<\/p>\n<ul>\n<li>Name<\/li>\n<li>E-Mail<\/li>\n<li>Adresse mit Postleitzahl<\/li>\n<li>Telefon Nummer<\/li>\n<\/ul>\n<h5>Wie wir Informationen sammeln<\/h5>\n<p>Es gibt zwei Hauptmethoden, mit denen wir Informationen sammeln k\u00f6nnen<\/p>\n<ul>\n<li>Wir sammeln Informationen durch deine Nutzung der Dienste. Mit anderen Worten: Wenn du unsere Dienste nutzt, sind wir uns dessen bewusst und k\u00f6nnen die Informationen \u00fcber diese Nutzung entweder selbst\u00e4ndig oder mit Hilfe von Diensten Dritter sammeln, wie unten beschrieben.<\/li>\n<li>Wir sammeln Informationen, die du uns freiwillig zur Verf\u00fcgung stellst. Wir sammeln zum Beispiel pers\u00f6nliche Daten, die du uns zur Verf\u00fcgung stellst, wenn du:<\/li>\n<\/ul>\n<ol>\n<li>auf Mitteilungen von uns zu reagieren;<\/li>\n<li>ein Konto zu er\u00f6ffnen und die Dienste zu nutzen; und<\/li>\n<li>mit uns per E-Mail oder auf anderem Wege zu kommunizieren.<\/li>\n<\/ol>\n<h5>Cookies<\/h5>\n<p>Wir verwenden Cookies und andere Technologien in unseren Diensten, auch wenn du unsere Website besuchst oder auf unsere Dienste zugreifst.<\/p>\n<p>Ein \"Cookie\" ist ein kleines St\u00fcck Information, das eine Website deinem Ger\u00e4t zuweist, w\u00e4hrend du eine Website besuchst. Cookies sind sehr hilfreich und k\u00f6nnen f\u00fcr verschiedene Zwecke verwendet werden. Sie erm\u00f6glichen es dir, effizient zwischen den Seiten zu navigieren, bestimmte Funktionen automatisch zu aktivieren, deine Einstellungen zu speichern und die Interaktion zwischen dir und unseren Diensten schneller und einfacher zu gestalten. Cookies werden auch verwendet, um sicherzustellen, dass die Werbung, die du siehst, f\u00fcr dich und deine Interessen relevant ist, und um statistische Daten \u00fcber deine Nutzung unserer Dienste zu sammeln.<\/p>\n<p>Unsere Website verwendet Cookies, um dir Dienste zur Verf\u00fcgung zu stellen, dich f\u00fcr wiederholte Besuche zu identifizieren (z. B. um deine Pr\u00e4ferenzen f\u00fcr die n\u00e4chste Anmeldung zu speichern) und um unseren Webzugang zu \u00fcberwachen und zu analysieren.<\/p>\n<p>Wir verwenden die folgenden Cookies in unseren Diensten:<\/p>\n<\/div><\/div><div class=\"g-cols wpb_row via_grid cols_3 laptops-cols_inherit tablets-cols_inherit mobiles-cols_3 valign_top type_default stacking_default\" style=\"--columns-gap:0rem;\"><div class=\"wpb_column vc_column_container\"><div class=\"vc_column-inner\"><div class=\"wpb_text_column\"><div class=\"wpb_wrapper\"><p><strong>Cookie<\/strong><\/p>\n<\/div><\/div><\/div><\/div><div class=\"wpb_column vc_column_container\"><div class=\"vc_column-inner\"><div class=\"wpb_text_column\"><div class=\"wpb_wrapper\"><p><strong>Name<\/strong><\/p>\n<\/div><\/div><\/div><\/div><div class=\"wpb_column vc_column_container\"><div class=\"vc_column-inner\"><div class=\"wpb_text_column\"><div class=\"wpb_wrapper\"><p><strong>Zweck<\/strong><\/p>\n<\/div><\/div><\/div><\/div><\/div><div class=\"w-separator size_custom with_line width_default thick_1 style_solid color_border align_center\" style=\"height:20px\"><div class=\"w-separator-h\"><\/div><\/div><div class=\"g-cols wpb_row via_grid cols_3 laptops-cols_inherit tablets-cols_inherit mobiles-cols_3 valign_top type_default stacking_default\" style=\"--columns-gap:0rem;\"><div class=\"wpb_column vc_column_container\"><div class=\"vc_column-inner\"><div class=\"wpb_text_column\"><div class=\"wpb_wrapper\"><p>Google Analytics<\/p>\n<\/div><\/div><\/div><\/div><div class=\"wpb_column vc_column_container\"><div class=\"vc_column-inner\"><div class=\"wpb_text_column\"><div class=\"wpb_wrapper\"><p>_ga,<br \/>_ga_E8HEP5JJM1,<br \/> _ga_N900CHKKS0<\/p>\n<\/div><\/div><\/div><\/div><div class=\"wpb_column vc_column_container\"><div class=\"vc_column-inner\"><div class=\"wpb_text_column\"><div class=\"wpb_wrapper\"><p>Wir sammeln anonyme Statistiken dar\u00fcber, wie die Besucher\/innen unsere Website nutzen, was uns hilft, das Nutzererlebnis zu verstehen und zu verbessern.<\/p>\n<\/div><\/div><\/div><\/div><\/div><div class=\"w-separator size_custom with_line width_default thick_1 style_solid color_border align_center\" style=\"height:20px\"><div class=\"w-separator-h\"><\/div><\/div><div class=\"g-cols wpb_row via_grid cols_3 laptops-cols_inherit tablets-cols_inherit mobiles-cols_3 valign_top type_default stacking_default\" style=\"--columns-gap:0rem;\"><div class=\"wpb_column vc_column_container\"><div class=\"vc_column-inner\"><div class=\"wpb_text_column\"><div class=\"wpb_wrapper\"><p>Google Ads \/ Tag Manager<\/p>\n<\/div><\/div><\/div><\/div><div class=\"wpb_column vc_column_container\"><div class=\"vc_column-inner\"><div class=\"wpb_text_column\"><div class=\"wpb_wrapper\"><p>_gcl_au<\/p>\n<\/div><\/div><\/div><\/div><div class=\"wpb_column vc_column_container\"><div class=\"vc_column-inner\"><div class=\"wpb_text_column\"><div class=\"wpb_wrapper\"><p>Wir verwenden diese Daten, um die Leistung unserer Werbekampagnen zu messen und zu verstehen, wie Nutzer\/innen mit unseren Anzeigen interagieren.<\/p>\n<\/div><\/div><\/div><\/div><\/div><div class=\"w-separator size_custom with_line width_default thick_1 style_solid color_border align_center\" style=\"height:20px\"><div class=\"w-separator-h\"><\/div><\/div><div class=\"wpb_text_column us_custom_0f8f44b7\"><div class=\"wpb_wrapper\"><h5>Wie wir die von uns gesammelten Informationen verwenden<\/h5>\n<p>Wir verwenden und geben pers\u00f6nliche Daten in der in dieser Datenschutzrichtlinie beschriebenen Weise weiter. Personenbezogene Daten werden nur in dem Masse an Dritte weitergegeben, wie es f\u00fcr den jeweiligen Zweck erforderlich ist, wie in dieser Datenschutzrichtlinie festgelegt, und in diesem Fall verlangen wir von dem betreffenden Dritten, dass er sich verpflichtet, diese Daten in \u00dcbereinstimmung mit unserer Datenschutzrichtlinie zu verarbeiten.<\/p>\n<p>Zus\u00e4tzlich zu den oben genannten Zwecken werden die von uns erfassten Daten, zu denen auch deine pers\u00f6nlichen Daten geh\u00f6ren k\u00f6nnen, f\u00fcr die folgenden Zwecke verwendet:<\/p>\n<p>Zus\u00e4tzlich zu den oben genannten Zwecken werden die von uns erfassten Daten, zu denen auch deine pers\u00f6nlichen Daten geh\u00f6ren k\u00f6nnen, f\u00fcr die folgenden Zwecke verwendet:<\/p>\n<ul>\n<li>Um dein Konto einzurichten und unsere Dienstleistungen zu erbringen (z. B. deine Zahlungen zu bearbeiten).<\/li>\n<li>Um deinen Zugang zu bestimmten Funktionen der Dienste zu identifizieren und zu authentifizieren;<\/li>\n<li>Um mit dir zu kommunizieren und dich \u00fcber unsere Neuigkeiten auf dem Laufenden zu halten;<\/li>\n<li>Um dir Werbung zu zeigen, wenn du unsere Dienste nutzt;<\/li>\n<li>Zur Durchf\u00fchrung einer Untersuchung oder anonymer Analysen, um unsere Dienste zu verbessern und an deine Bed\u00fcrfnisse und Interessen anzupassen;<\/li>\n<li>Zur Unterst\u00fctzung und Fehlerbehebung bei unseren Diensten und zur Beantwortung deiner Anfragen;<\/li>\n<li>Um Verst\u00f6sse gegen unsere Richtlinien zu untersuchen und durchzusetzen, und wenn dies durch Gesetze, Verordnungen oder andere staatliche Beh\u00f6rden vorgeschrieben ist, oder um einer Vorladung oder einem \u00e4hnlichen rechtlichen Verfahren nachzukommen oder auf eine staatliche Anfrage zu reagieren; einschliesslich, aber nicht beschr\u00e4nkt auf: o Informationen \u00fcber dich von Kreditauskunfteien und Betrugsbek\u00e4mpfungsagenturen einzuholen, um deinen Kreditstatus\/dein Profil und deine Identit\u00e4t regelm\u00e4ssig zu \u00fcberpr\u00fcfen;<\/li>\n<li>Dies kann die Nutzung von Produkten und Dienstleistungen Dritter (einschliesslich des Informationsaustauschs mit diesen Dritten) beinhalten, um Transaktionen zu \u00fcberwachen, untersuchungsbed\u00fcrftige Muster zu erkennen oder anderweitig ein Profil zu erstellen und die Wahrscheinlichkeit von Betrug einzusch\u00e4tzen;<\/li>\n<li>Behandle Beschwerden oder Streitigkeiten;<\/li>\n<\/ul>\n<p>Die Agenturen k\u00f6nnen unsere Anfragen aufzeichnen und sie an andere Dritte und Betrugsbek\u00e4mpfungsstellen weitergeben.<\/p>\n<p>Informationen dar\u00fcber, wie du dein Konto verwaltest, und\/oder \u00fcber Schulden k\u00f6nnen von Kreditauskunfteien und Betrugsbek\u00e4mpfungsagenturen an andere Organisationen weitergegeben werden, um \u00e4hnliche \u00dcberpr\u00fcfungen vorzunehmen, deinen Aufenthaltsort zu ermitteln und Schulden einzutreiben, die du schuldest. Die Aufzeichnungen bleiben bei diesen Agenturen f\u00fcr 6 Jahre nach ihrer Schliessung gespeichert, unabh\u00e4ngig davon, ob sie von dir beglichen wurden oder nicht. Wenn du weitere Informationen \u00fcber unsere Nutzung von Kreditauskunfteien haben m\u00f6chtest, kontaktiere uns bitte.<\/p>\n<h5>Mit wem wir die von uns erfassten Informationen teilen (\u00abEmpf\u00e4nger\u00bb)<\/h5>\n<p>Wir vermieten, verkaufen oder geben deine pers\u00f6nlichen Daten nicht an Dritte weiter, ausser wie in dieser Datenschutzrichtlinie beschrieben. Die personenbezogenen Daten werden nur in dem Masse an Dritte weitergegeben, wie es f\u00fcr den in dieser Datenschutzrichtlinie festgelegten Zweck erforderlich ist. In diesem Fall verlangen wir von dem betreffenden Dritten, dass er sich verpflichtet, diese Daten in \u00dcbereinstimmung mit unserer Datenschutzrichtlinie und dem geltenden Recht zu verarbeiten und zu sch\u00fctzen.<\/p>\n<p>Zus\u00e4tzlich zu den in dieser Datenschutzrichtlinie aufgef\u00fchrten Zwecken k\u00f6nnen wir personenbezogene Daten mit unseren Empf\u00e4ngern, die sich in verschiedenen L\u00e4ndern der Welt befinden k\u00f6nnen, f\u00fcr einen der folgenden Zwecke weitergeben:<\/p>\n<ul>\n<li>Wir stellen dir unsere Dienste zur Verf\u00fcgung;<\/li>\n<li>Die Speicherung solcher Informationen in unserem Namen;<\/li>\n<li>Die Verarbeitung solcher Informationen, um uns bei unseren Gesch\u00e4ftsabl\u00e4ufen zu unterst\u00fctzen (z. B. um Zahlungen und deine Einzahlungen zu bearbeiten, deinen Zugang zu authentifizieren, unsere Abl\u00e4ufe zu \u00fcberpr\u00fcfen, Kundensupport und Kundenbindungsdienste anzubieten usw.);<\/li>\n<li>Forschung, technische Diagnostik oder Analysen durchf\u00fchren;<\/li>\n<\/ul>\n<p>Wir k\u00f6nnen personenbezogene Daten zu den in dieser Datenschutzrichtlinie aufgef\u00fchrten Zwecken an unsere Tochtergesellschaften, verbundenen Unternehmen und Unterauftragnehmer \u00fcbertragen oder weitergeben.<\/p>\n<p>Wir k\u00f6nnen auch pers\u00f6nliche Daten oder Informationen, die du \u00fcber die Dienste \u00fcbermittelt hast, offenlegen, wenn wir in gutem Glauben davon ausgehen, dass die Offenlegung dieser Informationen hilfreich oder notwendig ist, um: (i) geltende Gesetze, Vorschriften, Gerichtsverfahren oder beh\u00f6rdliche Anordnungen einzuhalten; (ii) unsere Richtlinien (einschliesslich unserer Vereinbarung) durchzusetzen, einschliesslich der Untersuchung m\u00f6glicher Verst\u00f6sse dagegen; (iii) illegale Aktivit\u00e4ten oder anderes Fehlverhalten, vermuteten Betrug oder Sicherheitsprobleme zu untersuchen, aufzudecken, zu verhindern oder Massnahmen dagegen zu ergreifen; (iv) um unsere Rechte zu begr\u00fcnden oder auszu\u00fcben, um uns gegen rechtliche Anspr\u00fcche zu verteidigen; (v) um Sch\u00e4den an den Rechten, dem Eigentum oder der Sicherheit von uns, unseren Nutzern, dir selbst oder Dritten zu verhindern; oder (vi) um mit den Strafverfolgungsbeh\u00f6rden zusammenzuarbeiten oder falls wir es f\u00fcr notwendig erachten, um geistiges Eigentum oder andere gesetzliche Rechte durchzusetzen.<\/p>\n<h5>H\u00e4ndler<\/h5>\n<p>Wir k\u00f6nnen personenbezogene Daten zu den in dieser Datenschutzrichtlinie genannten Zwecken an unsere H\u00e4ndler weitergeben oder offenlegen. Dar\u00fcber hinaus k\u00f6nnen wir mit deiner vorherigen Genehmigung personenbezogene Daten wie Identifizierungsinformationen oder zus\u00e4tzliche Verifizierungsdokumente an H\u00e4ndler weitergeben, mit denen du bereits \u00fcber unser Produkt in Kontakt getreten bist, und wir k\u00f6nnen auf deine Genehmigung hin \u00fcber den H\u00e4ndler \u00e4hnliche Informationen und Dokumente erhalten, die es sowohl uns als auch unseren H\u00e4ndlern erm\u00f6glichen, gesetzliche Verpflichtungen zu erf\u00fcllen und gleichzeitig den Aufwand und die Auswirkungen f\u00fcr dich minimieren, diese Informationen zweimal bereitzustellen.<\/p>\n<h5>Sammlung von Informationen durch Dritte<\/h5>\n<p>Unsere Datenschutzrichtlinie bezieht sich nur auf die Verwendung und Weitergabe von Informationen, die wir von dir sammeln. Soweit du deine Daten \u00fcber unsere Dienste (z. B. durch Klicken auf einen Link zu einer anderen Website oder einem anderen Ort) oder \u00fcber andere Websites im Internet an andere Parteien weitergibst, k\u00f6nnen f\u00fcr deren Nutzung oder Weitergabe der von dir weitergegebenen Daten andere Regeln gelten.<\/p>\n<p>Wir weisen darauf hin, dass solche Dienste Dritter ihre eigenen Datenschutzrichtlinien haben k\u00f6nnen und empfehlen dir, diese sorgf\u00e4ltig zu lesen. Die Aufnahme eines Links zu einer Website oder einem Dienst eines Dritten ist keine Empfehlung f\u00fcr eine solche Website oder einen solchen Dienst. Websites von Dritten k\u00f6nnen Informationen oder Dienste enthalten, die illegal oder unangemessen sind oder von manchen Menschen als unangemessen oder beleidigend empfunden werden. Wir empfehlen dir, vor der Nutzung von Websites und Diensten Dritter oder vor dem Kauf eines Produkts die Gesch\u00e4ftsbedingungen, Garantie- und Datenschutzrichtlinien dieser Websites, Dienste oder Produkte zu lesen und zu verstehen und sicherzustellen, dass du mit den Bedingungen einverstanden bist. Du erkennst an, dass wir nicht f\u00fcr die Produkte, Dienstleistungen oder Beschreibungen dieser Produkte oder Dienstleistungen, die du von Websites Dritter erh\u00e4ltst, oder f\u00fcr den Inhalt oder die Datenschutzpraktiken dieser Websites verantwortlich sind und dass diese Datenschutzrichtlinie nicht f\u00fcr solche Produkte und Dienstleistungen Dritter gilt. Du \u00fcbernimmst wissentlich und freiwillig alle Risiken, die mit der Nutzung von Websites Dritter f\u00fcr den Kauf von Produkten und Dienstleistungen verbunden sind. Du erkl\u00e4rst dich damit einverstanden, dass wir in Bezug auf solche Websites Dritter und deine Nutzung derselben keinerlei Haftung \u00fcbernehmen.<\/p>\n<h5>Benutzerrechte<\/h5>\n<p>Du kannst einen Antrag stellen:<\/p>\n<ul>\n<li>\u00a0eine Best\u00e4tigung dar\u00fcber zu erhalten, ob dich betreffende personenbezogene Daten verarbeitet werden, und auf deine gespeicherten personenbezogenen Daten sowie auf zus\u00e4tzliche Informationen zuzugreifen.<\/li>\n<li>eine Kopie der pers\u00f6nlichen Daten, die du uns direkt freiwillig zur Verf\u00fcgung stellst, in einem strukturierten, allgemein gebr\u00e4uchlichen und maschinenlesbaren Format zu erhalten.<\/li>\n<li>die Berichtigung deiner pers\u00f6nlichen Daten, die sich in unserer Kontrolle befinden, beantragen.<\/li>\n<li>Die L\u00f6schung deiner pers\u00f6nlichen Daten beantragen.<\/li>\n<li>Widerspruch gegen die Verarbeitung personenbezogener Daten durch uns einlegen.<\/li>\n<li>Antrag auf Einschr\u00e4nkung der Verarbeitung deiner pers\u00f6nlichen Daten durch uns.<\/li>\n<li>Eine Beschwerde bei einer Aufsichtsbeh\u00f6rde einreichen.<\/li>\n<\/ul>\n<p>Bitte beachte jedoch, dass diese Rechte nicht absolut sind und unseren eigenen legitimen Interessen und gesetzlichen Anforderungen unterliegen k\u00f6nnen. Wenn du eines der oben genannten Rechte aus\u00fcben oder weitere Informationen erhalten m\u00f6chtest, wende dich bitte an unser Datenschutzb\u00fcro unter GDPR@smart-chip.com<\/p>\n<h5>Wie lange bewahren wir die gesammelten Informationen auf?<\/h5>\n<p>Bitte beachte, dass wir die von uns erfassten Daten so lange aufbewahren, wie es f\u00fcr die Erbringung der Dienste erforderlich ist, es sei denn, du erteilst uns andere Anweisungen. Wir k\u00f6nnen die gesammelten Daten auch aufbewahren, um unseren rechtlichen Verpflichtungen nachzukommen, Streitigkeiten beizulegen und unsere Vereinbarungen durchzusetzen. Die Aufbewahrungsfristen richten sich nach der Art der gesammelten Daten und dem Zweck, f\u00fcr den sie gesammelt werden. Dabei ber\u00fccksichtigen wir die f\u00fcr die jeweilige Situation geltenden Anforderungen und die Notwendigkeit, veraltete und ungenutzte Daten so schnell wie m\u00f6glich zu vernichten.<\/p>\n<p>Wir k\u00f6nnen unvollst\u00e4ndige oder ungenaue Informationen jederzeit und nach eigenem Ermessen berichtigen, erg\u00e4nzen oder entfernen.<\/p>\n<h5><strong>Wie sch\u00fctzen und \u00fcbertragen wir deine Daten?<\/strong><\/h5>\n<p>Wir legen grossen Wert darauf, die Sicherheit der Dienste und deiner Daten zu gew\u00e4hrleisten und aufrechtzuerhalten. Wir wenden branchen\u00fcbliche Verfahren und Richtlinien an, um die Sicherheit der Daten unserer Nutzer\/innen zu gew\u00e4hrleisten und die unbefugte Nutzung dieser Daten zu verhindern, und wir verlangen von allen Dritten, dass sie \u00e4hnliche Sicherheitsanforderungen in \u00dcbereinstimmung mit dieser Datenschutzrichtlinie erf\u00fcllen. Obwohl wir angemessene Massnahmen zum Schutz der Daten ergreifen, k\u00f6nnen wir nicht f\u00fcr die Handlungen derjenigen verantwortlich gemacht werden, die sich unbefugten Zugang verschaffen oder unsere Dienste missbrauchen, und wir geben keine ausdr\u00fcckliche, stillschweigende oder sonstige Garantie, dass wir einen solchen Zugang verhindern werden.<\/p>\n<p>Da wir weltweit t\u00e4tig sind, kann es notwendig sein, deine pers\u00f6nlichen Daten in L\u00e4nder ausserhalb der Europ\u00e4ischen Union zu \u00fcbertragen. Die Datenschutz- und anderen Gesetze dieser L\u00e4nder sind m\u00f6glicherweise nicht so umfassend wie die in der Europ\u00e4ischen Union - in diesen F\u00e4llen werden wir Massnahmen ergreifen, um sicherzustellen, dass deine personenbezogenen Daten ein \u00e4hnliches Schutzniveau erhalten. Du stimmst hiermit der \u00dcbermittlung deiner pers\u00f6nlichen Daten in L\u00e4nder ausserhalb der Europ\u00e4ischen Union zu.<\/p>\n<p>Wenn du das Gef\u00fchl hast, dass deine Daten nicht in \u00dcbereinstimmung mit unseren Richtlinien behandelt wurden, oder wenn eine Person versucht hat, unsere Dienste zu missbrauchen oder sich unangemessen verhalten hat, kontaktiere uns bitte direkt unter info@smart-chip.com<\/p>\n<\/div><\/div><\/div><\/div><\/div><\/div><\/section>","protected":false},"excerpt":{"rendered":"Datenschutzrichtlinie Smart Chip Schweiz Einleitung Wir bei Smart Chip respektieren deine Privatsph\u00e4re und verpflichten uns, die Privatsph\u00e4re unserer Nutzer\/innen zu sch\u00fctzen. Diese Datenschutzrichtlinie beschreibt unsere Praktiken in Bezug auf das Sammeln, die Nutzung und die Offenlegung deiner Daten durch die Nutzung unserer Website (zusammenfassend: \u201cdie Dienste\u201d). Wir empfehlen dir, die Datenschutzrichtlinien zu lesen...","protected":false},"author":1,"featured_media":0,"parent":0,"menu_order":0,"comment_status":"closed","ping_status":"closed","template":"","meta":{"_acf_changed":false,"footnotes":""},"class_list":["post-3","page","type-page","status-publish","hentry"],"acf":[],"yoast_head":"<!-- This site is optimized with the Yoast SEO plugin v27.2 - https:\/\/yoast.com\/product\/yoast-seo-wordpress\/ -->\n<title>Privacy \u2014 Smart Chip<\/title>\n<meta name=\"robots\" content=\"index, follow, max-snippet:-1, max-image-preview:large, max-video-preview:-1\" \/>\n<link rel=\"canonical\" href=\"https:\/\/smart-chip.com\/de\/privacy\/\" \/>\n<meta property=\"og:locale\" content=\"de_DE\" \/>\n<meta property=\"og:type\" content=\"article\" \/>\n<meta property=\"og:title\" content=\"Privacy \u2014 Smart Chip\" \/>\n<meta property=\"og:url\" content=\"https:\/\/smart-chip.com\/de\/privacy\/\" \/>\n<meta property=\"og:site_name\" content=\"Smart Chip\" \/>\n<meta property=\"article:modified_time\" content=\"2026-03-05T16:10:46+00:00\" \/>\n<meta name=\"twitter:card\" content=\"summary_large_image\" \/>\n<meta name=\"twitter:label1\" content=\"Gesch\u00e4tzte Lesezeit\" \/>\n\t<meta name=\"twitter:data1\" content=\"9\u00a0Minuten\" \/>\n<script type=\"application\/ld+json\" class=\"yoast-schema-graph\">{\"@context\":\"https:\/\/schema.org\",\"@graph\":[{\"@type\":\"WebPage\",\"@id\":\"https:\/\/smart-chip.com\/privacy\/\",\"url\":\"https:\/\/smart-chip.com\/privacy\/\",\"name\":\"Privacy \u2014 Smart Chip\",\"isPartOf\":{\"@id\":\"https:\/\/smart-chip.com\/#website\"},\"datePublished\":\"2024-07-08T07:46:59+00:00\",\"dateModified\":\"2026-03-05T16:10:46+00:00\",\"breadcrumb\":{\"@id\":\"https:\/\/smart-chip.com\/privacy\/#breadcrumb\"},\"inLanguage\":\"de\",\"potentialAction\":[{\"@type\":\"ReadAction\",\"target\":[\"https:\/\/smart-chip.com\/privacy\/\"]}]},{\"@type\":\"BreadcrumbList\",\"@id\":\"https:\/\/smart-chip.com\/privacy\/#breadcrumb\",\"itemListElement\":[{\"@type\":\"ListItem\",\"position\":1,\"name\":\"Home\",\"item\":\"https:\/\/smart-chip.com\/\"},{\"@type\":\"ListItem\",\"position\":2,\"name\":\"Privacy Policy\"}]},{\"@type\":\"WebSite\",\"@id\":\"https:\/\/smart-chip.com\/#website\",\"url\":\"https:\/\/smart-chip.com\/\",\"name\":\"Smart Chip - The world at your fingertip\",\"description\":\"The world at your fingertip\",\"potentialAction\":[{\"@type\":\"SearchAction\",\"target\":{\"@type\":\"EntryPoint\",\"urlTemplate\":\"https:\/\/smart-chip.com\/?s={search_term_string}\"},\"query-input\":{\"@type\":\"PropertyValueSpecification\",\"valueRequired\":true,\"valueName\":\"search_term_string\"}}],\"inLanguage\":\"de\"}]}<\/script>\n<!-- \/ Yoast SEO plugin. -->","yoast_head_json":{"title":"Datenschutz - Smart Chip","robots":{"index":"index","follow":"follow","max-snippet":"max-snippet:-1","max-image-preview":"max-image-preview:large","max-video-preview":"max-video-preview:-1"},"canonical":"https:\/\/smart-chip.com\/de\/privacy\/","og_locale":"de_DE","og_type":"article","og_title":"Privacy \u2014 Smart Chip","og_url":"https:\/\/smart-chip.com\/de\/privacy\/","og_site_name":"Smart Chip","article_modified_time":"2026-03-05T16:10:46+00:00","twitter_card":"summary_large_image","twitter_misc":{"Gesch\u00e4tzte Lesezeit":"9\u00a0Minuten"},"schema":{"@context":"https:\/\/schema.org","@graph":[{"@type":"WebPage","@id":"https:\/\/smart-chip.com\/privacy\/","url":"https:\/\/smart-chip.com\/privacy\/","name":"Datenschutz - Smart Chip","isPartOf":{"@id":"https:\/\/smart-chip.com\/#website"},"datePublished":"2024-07-08T07:46:59+00:00","dateModified":"2026-03-05T16:10:46+00:00","breadcrumb":{"@id":"https:\/\/smart-chip.com\/privacy\/#breadcrumb"},"inLanguage":"de","potentialAction":[{"@type":"ReadAction","target":["https:\/\/smart-chip.com\/privacy\/"]}]},{"@type":"BreadcrumbList","@id":"https:\/\/smart-chip.com\/privacy\/#breadcrumb","itemListElement":[{"@type":"ListItem","position":1,"name":"Home","item":"https:\/\/smart-chip.com\/"},{"@type":"ListItem","position":2,"name":"Privacy Policy"}]},{"@type":"WebSite","@id":"https:\/\/smart-chip.com\/#website","url":"https:\/\/smart-chip.com\/","name":"Smart Chip - Die Welt an deiner Fingerspitze","description":"Die Welt an deiner Fingerspitze","potentialAction":[{"@type":"SearchAction","target":{"@type":"EntryPoint","urlTemplate":"https:\/\/smart-chip.com\/?s={search_term_string}"},"query-input":{"@type":"PropertyValueSpecification","valueRequired":true,"valueName":"search_term_string"}}],"inLanguage":"de"}]}},"_links":{"self":[{"href":"https:\/\/smart-chip.com\/de\/wp-json\/wp\/v2\/pages\/3","targetHints":{"allow":["GET"]}}],"collection":[{"href":"https:\/\/smart-chip.com\/de\/wp-json\/wp\/v2\/pages"}],"about":[{"href":"https:\/\/smart-chip.com\/de\/wp-json\/wp\/v2\/types\/page"}],"author":[{"embeddable":true,"href":"https:\/\/smart-chip.com\/de\/wp-json\/wp\/v2\/users\/1"}],"replies":[{"embeddable":true,"href":"https:\/\/smart-chip.com\/de\/wp-json\/wp\/v2\/comments?post=3"}],"version-history":[{"count":0,"href":"https:\/\/smart-chip.com\/de\/wp-json\/wp\/v2\/pages\/3\/revisions"}],"wp:attachment":[{"href":"https:\/\/smart-chip.com\/de\/wp-json\/wp\/v2\/media?parent=3"}],"curies":[{"name":"wp","href":"https:\/\/api.w.org\/{rel}","templated":true}]}}