{"id":7285,"date":"2025-11-05T08:42:55","date_gmt":"2025-11-05T08:42:55","guid":{"rendered":"https:\/\/smart-chip.com\/?page_id=7285"},"modified":"2026-03-05T16:11:23","modified_gmt":"2026-03-05T16:11:23","slug":"impressum","status":"publish","type":"page","link":"https:\/\/smart-chip.com\/de\/impressum\/","title":{"rendered":"Impressum"},"content":{"rendered":"<section class=\"l-section wpb_row height_medium width_custom\" style=\"--site-content-width:750px;\"><div class=\"l-section-h i-cf\"><div class=\"g-cols vc_row via_grid cols_1 laptops-cols_inherit tablets-cols_inherit mobiles-cols_1 valign_top type_default stacking_default\"><div class=\"wpb_column vc_column_container\"><div class=\"vc_column-inner\"><div class=\"wpb_text_column\"><div class=\"wpb_wrapper\"><h3>Impressum<\/h3>\n<\/div><\/div><\/div><\/div><\/div><\/div><\/section><section class=\"l-section wpb_row height_medium width_custom\" style=\"--site-content-width:750px;\"><div class=\"l-section-h i-cf\"><div class=\"g-cols vc_row via_grid cols_1 laptops-cols_inherit tablets-cols_inherit mobiles-cols_1 valign_top type_default stacking_default\"><div class=\"wpb_column vc_column_container\"><div class=\"vc_column-inner\"><div class=\"wpb_text_column\"><div class=\"wpb_wrapper\"><p><strong>Smart Chip Switzerland AG<\/strong><br \/>\nWassergrabe 3<br \/>\n6210 Sursee<\/p>\n<\/div><\/div><div class=\"w-separator size_large\"><\/div><div class=\"wpb_text_column\"><div class=\"wpb_wrapper\"><p>Registernummer: CH-100-3796967-7<br \/>\nUmsatzsteuer-Identifikationsnummer \/ UID: CHE-367.544.602 MWST<\/p>\n<\/div><\/div><div class=\"w-separator size_huge\"><\/div><div class=\"wpb_text_column us_custom_158e7a34 has_text_color\"><div class=\"wpb_wrapper\"><p><strong>Haftungshinweis:<\/strong><br \/>\nTrotz sorgf\u00e4ltiger inhaltlicher Kontrolle \u00fcbernehmen wir keine Haftung f\u00fcr den Inhalt externer Links.<br \/>\nF\u00fcr den Inhalt der verlinkten Seiten sind ausschliesslich deren Betreiber verantwortlich.<\/p>\n<\/div><\/div><\/div><\/div><\/div><\/div><\/section>","protected":false},"excerpt":{"rendered":"Company Information Smart Chip Switzerland AG Wassergrabe 3 6210 Sursee Registry number: CH-100-3796967-7 VAT identification number \/ UID: CHE-367.544.602 MWST Haftungshinweis: Trotz sorgf\u00e4ltiger inhaltlicher Kontrolle \u00fcbernehmen wir keine Haftung f\u00fcr den Inhalt externer Links. F\u00fcr den Inhalt der verlinkten Seiten sind ausschliesslich deren Betreiber verantwortlich.","protected":false},"author":2,"featured_media":0,"parent":0,"menu_order":0,"comment_status":"closed","ping_status":"closed","template":"","meta":{"_acf_changed":false,"footnotes":""},"class_list":["post-7285","page","type-page","status-publish","hentry"],"acf":[],"yoast_head":"<!-- This site is optimized with the Yoast SEO plugin v27.2 - https:\/\/yoast.com\/product\/yoast-seo-wordpress\/ -->\n<title>Privacy \u2014 Smart Chip<\/title>\n<meta name=\"robots\" content=\"index, follow, max-snippet:-1, max-image-preview:large, max-video-preview:-1\" \/>\n<link rel=\"canonical\" href=\"https:\/\/smart-chip.com\/de\/impressum\/\" \/>\n<meta property=\"og:locale\" content=\"de_DE\" \/>\n<meta property=\"og:type\" content=\"article\" \/>\n<meta property=\"og:title\" content=\"Privacy \u2014 Smart Chip\" \/>\n<meta property=\"og:url\" content=\"https:\/\/smart-chip.com\/de\/impressum\/\" \/>\n<meta property=\"og:site_name\" content=\"Smart Chip\" \/>\n<meta property=\"article:modified_time\" content=\"2026-03-05T16:11:23+00:00\" \/>\n<meta name=\"twitter:card\" content=\"summary_large_image\" \/>\n<meta name=\"twitter:label1\" content=\"Gesch\u00e4tzte Lesezeit\" \/>\n\t<meta name=\"twitter:data1\" content=\"10\u00a0Minuten\" \/>\n<script type=\"application\/ld+json\" class=\"yoast-schema-graph\">{\"@context\":\"https:\/\/schema.org\",\"@graph\":[{\"@type\":\"WebPage\",\"@id\":\"https:\/\/smart-chip.com\/impressum\/\",\"url\":\"https:\/\/smart-chip.com\/impressum\/\",\"name\":\"Privacy \u2014 Smart Chip\",\"isPartOf\":{\"@id\":\"https:\/\/smart-chip.com\/#website\"},\"datePublished\":\"2025-11-05T08:42:55+00:00\",\"dateModified\":\"2026-03-05T16:11:23+00:00\",\"breadcrumb\":{\"@id\":\"https:\/\/smart-chip.com\/impressum\/#breadcrumb\"},\"inLanguage\":\"de\",\"potentialAction\":[{\"@type\":\"ReadAction\",\"target\":[\"https:\/\/smart-chip.com\/impressum\/\"]}]},{\"@type\":\"BreadcrumbList\",\"@id\":\"https:\/\/smart-chip.com\/impressum\/#breadcrumb\",\"itemListElement\":[{\"@type\":\"ListItem\",\"position\":1,\"name\":\"Home\",\"item\":\"https:\/\/smart-chip.com\/\"},{\"@type\":\"ListItem\",\"position\":2,\"name\":\"Company Information\"}]},{\"@type\":\"WebSite\",\"@id\":\"https:\/\/smart-chip.com\/#website\",\"url\":\"https:\/\/smart-chip.com\/\",\"name\":\"Smart Chip - The world at your fingertip\",\"description\":\"The world at your fingertip\",\"potentialAction\":[{\"@type\":\"SearchAction\",\"target\":{\"@type\":\"EntryPoint\",\"urlTemplate\":\"https:\/\/smart-chip.com\/?s={search_term_string}\"},\"query-input\":{\"@type\":\"PropertyValueSpecification\",\"valueRequired\":true,\"valueName\":\"search_term_string\"}}],\"inLanguage\":\"de\"}]}<\/script>\n<!-- \/ Yoast SEO plugin. -->","yoast_head_json":{"title":"Datenschutz - Smart Chip","robots":{"index":"index","follow":"follow","max-snippet":"max-snippet:-1","max-image-preview":"max-image-preview:large","max-video-preview":"max-video-preview:-1"},"canonical":"https:\/\/smart-chip.com\/de\/impressum\/","og_locale":"de_DE","og_type":"article","og_title":"Privacy \u2014 Smart Chip","og_url":"https:\/\/smart-chip.com\/de\/impressum\/","og_site_name":"Smart Chip","article_modified_time":"2026-03-05T16:11:23+00:00","twitter_card":"summary_large_image","twitter_misc":{"Gesch\u00e4tzte Lesezeit":"10\u00a0Minuten"},"schema":{"@context":"https:\/\/schema.org","@graph":[{"@type":"WebPage","@id":"https:\/\/smart-chip.com\/impressum\/","url":"https:\/\/smart-chip.com\/impressum\/","name":"Datenschutz - Smart Chip","isPartOf":{"@id":"https:\/\/smart-chip.com\/#website"},"datePublished":"2025-11-05T08:42:55+00:00","dateModified":"2026-03-05T16:11:23+00:00","breadcrumb":{"@id":"https:\/\/smart-chip.com\/impressum\/#breadcrumb"},"inLanguage":"de","potentialAction":[{"@type":"ReadAction","target":["https:\/\/smart-chip.com\/impressum\/"]}]},{"@type":"BreadcrumbList","@id":"https:\/\/smart-chip.com\/impressum\/#breadcrumb","itemListElement":[{"@type":"ListItem","position":1,"name":"Home","item":"https:\/\/smart-chip.com\/"},{"@type":"ListItem","position":2,"name":"Company Information"}]},{"@type":"WebSite","@id":"https:\/\/smart-chip.com\/#website","url":"https:\/\/smart-chip.com\/","name":"Smart Chip - Die Welt an deiner Fingerspitze","description":"Die Welt an deiner Fingerspitze","potentialAction":[{"@type":"SearchAction","target":{"@type":"EntryPoint","urlTemplate":"https:\/\/smart-chip.com\/?s={search_term_string}"},"query-input":{"@type":"PropertyValueSpecification","valueRequired":true,"valueName":"search_term_string"}}],"inLanguage":"de"}]}},"_links":{"self":[{"href":"https:\/\/smart-chip.com\/de\/wp-json\/wp\/v2\/pages\/7285","targetHints":{"allow":["GET"]}}],"collection":[{"href":"https:\/\/smart-chip.com\/de\/wp-json\/wp\/v2\/pages"}],"about":[{"href":"https:\/\/smart-chip.com\/de\/wp-json\/wp\/v2\/types\/page"}],"author":[{"embeddable":true,"href":"https:\/\/smart-chip.com\/de\/wp-json\/wp\/v2\/users\/2"}],"replies":[{"embeddable":true,"href":"https:\/\/smart-chip.com\/de\/wp-json\/wp\/v2\/comments?post=7285"}],"version-history":[{"count":0,"href":"https:\/\/smart-chip.com\/de\/wp-json\/wp\/v2\/pages\/7285\/revisions"}],"wp:attachment":[{"href":"https:\/\/smart-chip.com\/de\/wp-json\/wp\/v2\/media?parent=7285"}],"curies":[{"name":"wp","href":"https:\/\/api.w.org\/{rel}","templated":true}]}}