{"id":8577,"date":"2026-03-04T14:57:08","date_gmt":"2026-03-04T14:57:08","guid":{"rendered":"https:\/\/smart-chip.com\/?page_id=8577"},"modified":"2026-04-09T08:44:43","modified_gmt":"2026-04-09T08:44:43","slug":"socialkit","status":"publish","type":"page","link":"https:\/\/smart-chip.com\/de\/socialkit\/","title":{"rendered":"Social Media Kit"},"content":{"rendered":"<section class=\"l-section wpb_row us_custom_e2b195f4 has_text_color height_auto\" id=\"Intro\"><div class=\"l-section-h i-cf\"><div class=\"g-cols vc_row via_grid cols_1 laptops-cols_inherit tablets-cols_inherit mobiles-cols_1 valign_top type_default stacking_default\"><div class=\"wpb_column vc_column_container us_custom_0259209c has_text_color\"><div class=\"vc_column-inner\"><div class=\"wpb_text_column\"><div class=\"wpb_wrapper\"><h1>Social Media Kit<\/h1>\n<\/div><\/div><div class=\"w-separator size_medium\"><\/div><div class=\"wpb_text_column us_custom_c4a107f8\"><div class=\"wpb_wrapper\"><p>Bist du bereit, den Smart Chip zu verkaufen? Lade Bilder in hoher Qualit\u00e4t herunter, um sie in deinen sozialen Netzwerken zu posten und deine Kunden \u00fcber diese neue Zahlungsrevolution zu informieren.<\/p>\n<\/div><\/div><div class=\"w-separator size_small\"><\/div><div class=\"wpb_text_column us_custom_c4a107f8\"><div class=\"wpb_wrapper\"><p>Willst du deinen eigenen Beitrag gestalten? Passende Bilder findest du im <a href=\"https:\/\/smart-chip.com\/de\/mediakit\/\" target=\"_blank\" rel=\"noopener\">Media Kit<\/a>. Druckdateien f\u00fcr die Ausstattung deines Ladens findest du auf der <a href=\"https:\/\/smart-chip.com\/de\/download-center\/\" target=\"_blank\" rel=\"noopener\">Download Center<\/a>.<\/p>\n<\/div><\/div><\/div><\/div><\/div><\/div><\/section><section class=\"l-section wpb_row us_custom_c70c97eb height_small\"><div class=\"l-section-h i-cf\"><div class=\"g-cols vc_row via_grid cols_1 laptops-cols_inherit tablets-cols_inherit mobiles-cols_1 valign_top type_default stacking_default\" style=\"--columns-gap:4rem;\"><div class=\"wpb_column vc_column_container\"><div class=\"vc_column-inner\"><div class=\"wpb_text_column us_custom_72fc42ef\"><div class=\"wpb_wrapper\"><h5>Beitr\u00e4ge<\/h5>\n<\/div><\/div><div class=\"w-separator size_small\"><\/div><div class=\"wpb_text_column us_custom_b8c02223\"><div class=\"wpb_wrapper\"><p>Kurz und b\u00fcndig! Diese Bilder sagen alles, was es zu sagen gibt, auf einen Schlag. Lade die Farbe herunter, die dir gef\u00e4llt, und poste sie auf deinem Social-Media-Konto. Vergiss eine coole Bildunterschrift nicht und tagge <strong>smart_chip_official<\/strong> auf Instagram!<\/p>\n<\/div><\/div><div class=\"wpb_text_column us_custom_20cf7f3b hide_on_tablets hide_on_mobiles\"><div class=\"wpb_wrapper\"><p><strong>Wie herunterladen:<\/strong><br \/>\nRechts-klicke das gew\u00fcnschte Bild und w\u00e4hle \u201cBild speichern\u201d oder \u00e4hnliches.<\/p>\n<\/div><\/div><div class=\"wpb_text_column us_custom_20cf7f3b hide_on_default hide_on_laptops\"><div class=\"wpb_wrapper\"><p><strong>Wie herunterladen:<br \/>\n<\/strong>Dr\u00fccke lange auf das Bild, das du herunterladen m\u00f6chtest, und w\u00e4hle <b>In \"Fotos\" sichern<\/b> oder \u00e4hnliches.<\/p>\n<\/div><\/div><div class=\"g-cols wpb_row us_custom_cdf14ffd via_grid cols_4 laptops-cols_2 tablets-cols_2 mobiles-cols_1 valign_top type_default stacking_default\" style=\"--columns-gap:1rem;\"><div class=\"wpb_column vc_column_container us_custom_73c9dc32\"><div class=\"vc_column-inner\"><div class=\"w-image us_custom_dad4fece has_ratio align_none\"><div class=\"w-image-h\"><div style=\"padding-bottom:133.3333%\"><\/div><img decoding=\"async\" width=\"1080\" height=\"1440\" src=\"https:\/\/smart-chip.com\/wp-content\/uploads\/2026\/03\/SC_Post-Pack_Post_Orange_DE.jpg\" class=\"attachment-full size-full\" alt=\"\" loading=\"lazy\" \/><\/div><\/div><\/div><\/div><div class=\"wpb_column vc_column_container us_custom_dad4fece\"><div class=\"vc_column-inner\"><div class=\"w-image us_custom_dad4fece has_ratio align_none\"><div class=\"w-image-h\"><div style=\"padding-bottom:133.3333%\"><\/div><img decoding=\"async\" width=\"1080\" height=\"1440\" src=\"https:\/\/smart-chip.com\/wp-content\/uploads\/2026\/03\/SC_Post-Pack_Post_Blue_DE.jpg\" class=\"attachment-full size-full\" alt=\"\" loading=\"lazy\" \/><\/div><\/div><\/div><\/div><div class=\"wpb_column vc_column_container us_custom_dad4fece\"><div class=\"vc_column-inner\"><div class=\"w-image us_custom_dad4fece has_ratio align_none\"><div class=\"w-image-h\"><div style=\"padding-bottom:133.3333%\"><\/div><img decoding=\"async\" width=\"1080\" height=\"1440\" src=\"https:\/\/smart-chip.com\/wp-content\/uploads\/2026\/03\/SC_Post-Pack_Post_Purple_DE.jpg\" class=\"attachment-full size-full\" alt=\"\" loading=\"lazy\" \/><\/div><\/div><\/div><\/div><div class=\"wpb_column vc_column_container us_custom_dad4fece\"><div class=\"vc_column-inner\"><div class=\"w-image us_custom_dad4fece has_ratio align_none\"><div class=\"w-image-h\"><div style=\"padding-bottom:133.3333%\"><\/div><img decoding=\"async\" width=\"1080\" height=\"1440\" src=\"https:\/\/smart-chip.com\/wp-content\/uploads\/2026\/03\/SC_Post-Pack_Post_Pink_DE.jpg\" class=\"attachment-full size-full\" alt=\"\" loading=\"lazy\" \/><\/div><\/div><\/div><\/div><\/div><\/div><\/div><\/div><\/div><\/section><section class=\"l-section wpb_row us_custom_c70c97eb height_small\"><div class=\"l-section-h i-cf\"><div class=\"g-cols vc_row via_grid cols_1 laptops-cols_inherit tablets-cols_inherit mobiles-cols_1 valign_top type_default stacking_default\" style=\"--columns-gap:4rem;\"><div class=\"wpb_column vc_column_container\"><div class=\"vc_column-inner\"><div class=\"wpb_text_column us_custom_72fc42ef\"><div class=\"wpb_wrapper\"><h5>Karussell<\/h5>\n<\/div><\/div><div class=\"w-separator size_small\"><\/div><div class=\"wpb_text_column us_custom_b8c02223\"><div class=\"wpb_wrapper\"><p>Diese Bilder funktionieren als Paar. W\u00e4hle die Farbe, die dir gef\u00e4llt, lade beide Bilder herunter und poste sie zusammen! Achte aber auf die richtige Reihenfolge, sonst funktioniert es nicht richtig.<\/p>\n<\/div><\/div><div class=\"wpb_text_column us_custom_20cf7f3b hide_on_tablets hide_on_mobiles\"><div class=\"wpb_wrapper\"><p><strong>Wie herunterladen:<br \/>\n<\/strong>Rechts-klicke die gew\u00fcnschten Bilder und w\u00e4hle \u201cBild speichern\u201d oder \u00e4hnliches.<\/p>\n<\/div><\/div><div class=\"wpb_text_column us_custom_20cf7f3b hide_on_default hide_on_laptops\"><div class=\"wpb_wrapper\"><p class=\"translation-block\"><strong>Hinweis zum Download:<br>\n<\/strong>Dr\u00fccke lange auf jedes gew\u00fcnschte Bild und w\u00e4hle <b>In \"Fotos\" sichern<\/b> oder \u00e4hnliches.<\/p>\n<\/div><\/div><div class=\"g-cols wpb_row us_custom_cdf14ffd via_grid cols_2 laptops-cols_1 tablets-cols_1 mobiles-cols_1 valign_top type_default stacking_default\" style=\"--columns-gap:1rem;\"><div class=\"wpb_column vc_column_container\"><div class=\"vc_column-inner\"><div class=\"w-hwrapper valign_top align_none\" style=\"--hwrapper-gap:0.1rem\"><div class=\"w-image us_custom_1b7da02e align_none\"><div class=\"w-image-h\"><img decoding=\"async\" width=\"1080\" height=\"1440\" src=\"https:\/\/smart-chip.com\/wp-content\/uploads\/2026\/03\/SC_Post-Pack_Carousel_Orange_1_DE.jpg\" class=\"attachment-full size-full\" alt=\"\" loading=\"lazy\" srcset=\"https:\/\/smart-chip.com\/wp-content\/uploads\/2026\/03\/SC_Post-Pack_Carousel_Orange_1_DE.jpg 1080w, https:\/\/smart-chip.com\/wp-content\/uploads\/2026\/03\/SC_Post-Pack_Carousel_Orange_1_DE-225x300.jpg 225w, https:\/\/smart-chip.com\/wp-content\/uploads\/2026\/03\/SC_Post-Pack_Carousel_Orange_1_DE-768x1024.jpg 768w, https:\/\/smart-chip.com\/wp-content\/uploads\/2026\/03\/SC_Post-Pack_Carousel_Orange_1_DE-9x12.jpg 9w, https:\/\/smart-chip.com\/wp-content\/uploads\/2026\/03\/SC_Post-Pack_Carousel_Orange_1_DE-300x400.jpg 300w, https:\/\/smart-chip.com\/wp-content\/uploads\/2026\/03\/SC_Post-Pack_Carousel_Orange_1_DE-150x200.jpg 150w, https:\/\/smart-chip.com\/wp-content\/uploads\/2026\/03\/SC_Post-Pack_Carousel_Orange_1_DE-75x100.jpg 75w, https:\/\/smart-chip.com\/wp-content\/uploads\/2026\/03\/SC_Post-Pack_Carousel_Orange_1_DE-8x10.jpg 8w\" sizes=\"auto, (max-width: 1080px) 100vw, 1080px\" \/><\/div><\/div><div class=\"w-image us_custom_ca87b3a5 align_none\"><div class=\"w-image-h\"><img decoding=\"async\" width=\"1080\" height=\"1440\" src=\"https:\/\/smart-chip.com\/wp-content\/uploads\/2026\/03\/SC_Post-Pack_Carousel_Orange_2_DE.jpg\" class=\"attachment-full size-full\" alt=\"\" loading=\"lazy\" srcset=\"https:\/\/smart-chip.com\/wp-content\/uploads\/2026\/03\/SC_Post-Pack_Carousel_Orange_2_DE.jpg 1080w, https:\/\/smart-chip.com\/wp-content\/uploads\/2026\/03\/SC_Post-Pack_Carousel_Orange_2_DE-225x300.jpg 225w, https:\/\/smart-chip.com\/wp-content\/uploads\/2026\/03\/SC_Post-Pack_Carousel_Orange_2_DE-768x1024.jpg 768w, https:\/\/smart-chip.com\/wp-content\/uploads\/2026\/03\/SC_Post-Pack_Carousel_Orange_2_DE-9x12.jpg 9w, https:\/\/smart-chip.com\/wp-content\/uploads\/2026\/03\/SC_Post-Pack_Carousel_Orange_2_DE-300x400.jpg 300w, https:\/\/smart-chip.com\/wp-content\/uploads\/2026\/03\/SC_Post-Pack_Carousel_Orange_2_DE-150x200.jpg 150w, https:\/\/smart-chip.com\/wp-content\/uploads\/2026\/03\/SC_Post-Pack_Carousel_Orange_2_DE-75x100.jpg 75w, https:\/\/smart-chip.com\/wp-content\/uploads\/2026\/03\/SC_Post-Pack_Carousel_Orange_2_DE-8x10.jpg 8w\" sizes=\"auto, (max-width: 1080px) 100vw, 1080px\" \/><\/div><\/div><\/div><\/div><\/div><div class=\"wpb_column vc_column_container\"><div class=\"vc_column-inner\"><div class=\"w-hwrapper valign_top align_none\" style=\"--hwrapper-gap:0.1rem\"><div class=\"w-image us_custom_1b7da02e align_none\"><div class=\"w-image-h\"><img decoding=\"async\" width=\"1080\" height=\"1440\" src=\"https:\/\/smart-chip.com\/wp-content\/uploads\/2026\/03\/SC_Post-Pack_Carousel_Blue_1_DE.jpg\" class=\"attachment-full size-full\" alt=\"\" loading=\"lazy\" srcset=\"https:\/\/smart-chip.com\/wp-content\/uploads\/2026\/03\/SC_Post-Pack_Carousel_Blue_1_DE.jpg 1080w, https:\/\/smart-chip.com\/wp-content\/uploads\/2026\/03\/SC_Post-Pack_Carousel_Blue_1_DE-225x300.jpg 225w, https:\/\/smart-chip.com\/wp-content\/uploads\/2026\/03\/SC_Post-Pack_Carousel_Blue_1_DE-768x1024.jpg 768w, https:\/\/smart-chip.com\/wp-content\/uploads\/2026\/03\/SC_Post-Pack_Carousel_Blue_1_DE-9x12.jpg 9w, https:\/\/smart-chip.com\/wp-content\/uploads\/2026\/03\/SC_Post-Pack_Carousel_Blue_1_DE-300x400.jpg 300w, https:\/\/smart-chip.com\/wp-content\/uploads\/2026\/03\/SC_Post-Pack_Carousel_Blue_1_DE-150x200.jpg 150w, https:\/\/smart-chip.com\/wp-content\/uploads\/2026\/03\/SC_Post-Pack_Carousel_Blue_1_DE-75x100.jpg 75w, https:\/\/smart-chip.com\/wp-content\/uploads\/2026\/03\/SC_Post-Pack_Carousel_Blue_1_DE-8x10.jpg 8w\" sizes=\"auto, (max-width: 1080px) 100vw, 1080px\" \/><\/div><\/div><div class=\"w-image us_custom_ca87b3a5 align_none\"><div class=\"w-image-h\"><img decoding=\"async\" width=\"1080\" height=\"1440\" src=\"https:\/\/smart-chip.com\/wp-content\/uploads\/2026\/03\/SC_Post-Pack_Carousel_Blue_2_DE.jpg\" class=\"attachment-full size-full\" alt=\"\" loading=\"lazy\" srcset=\"https:\/\/smart-chip.com\/wp-content\/uploads\/2026\/03\/SC_Post-Pack_Carousel_Blue_2_DE.jpg 1080w, https:\/\/smart-chip.com\/wp-content\/uploads\/2026\/03\/SC_Post-Pack_Carousel_Blue_2_DE-225x300.jpg 225w, https:\/\/smart-chip.com\/wp-content\/uploads\/2026\/03\/SC_Post-Pack_Carousel_Blue_2_DE-768x1024.jpg 768w, https:\/\/smart-chip.com\/wp-content\/uploads\/2026\/03\/SC_Post-Pack_Carousel_Blue_2_DE-9x12.jpg 9w, https:\/\/smart-chip.com\/wp-content\/uploads\/2026\/03\/SC_Post-Pack_Carousel_Blue_2_DE-300x400.jpg 300w, https:\/\/smart-chip.com\/wp-content\/uploads\/2026\/03\/SC_Post-Pack_Carousel_Blue_2_DE-150x200.jpg 150w, https:\/\/smart-chip.com\/wp-content\/uploads\/2026\/03\/SC_Post-Pack_Carousel_Blue_2_DE-75x100.jpg 75w, https:\/\/smart-chip.com\/wp-content\/uploads\/2026\/03\/SC_Post-Pack_Carousel_Blue_2_DE-8x10.jpg 8w\" sizes=\"auto, (max-width: 1080px) 100vw, 1080px\" \/><\/div><\/div><\/div><\/div><\/div><div class=\"wpb_column vc_column_container\"><div class=\"vc_column-inner\"><div class=\"w-hwrapper valign_top align_none\" style=\"--hwrapper-gap:0.1rem\"><div class=\"w-image us_custom_1b7da02e align_none\"><div class=\"w-image-h\"><img decoding=\"async\" width=\"1080\" height=\"1440\" src=\"https:\/\/smart-chip.com\/wp-content\/uploads\/2026\/03\/SC_Post-Pack_Carousel_Purple_1_DE.jpg\" class=\"attachment-full size-full\" alt=\"\" loading=\"lazy\" srcset=\"https:\/\/smart-chip.com\/wp-content\/uploads\/2026\/03\/SC_Post-Pack_Carousel_Purple_1_DE.jpg 1080w, https:\/\/smart-chip.com\/wp-content\/uploads\/2026\/03\/SC_Post-Pack_Carousel_Purple_1_DE-225x300.jpg 225w, https:\/\/smart-chip.com\/wp-content\/uploads\/2026\/03\/SC_Post-Pack_Carousel_Purple_1_DE-768x1024.jpg 768w, https:\/\/smart-chip.com\/wp-content\/uploads\/2026\/03\/SC_Post-Pack_Carousel_Purple_1_DE-9x12.jpg 9w, https:\/\/smart-chip.com\/wp-content\/uploads\/2026\/03\/SC_Post-Pack_Carousel_Purple_1_DE-300x400.jpg 300w, https:\/\/smart-chip.com\/wp-content\/uploads\/2026\/03\/SC_Post-Pack_Carousel_Purple_1_DE-150x200.jpg 150w, https:\/\/smart-chip.com\/wp-content\/uploads\/2026\/03\/SC_Post-Pack_Carousel_Purple_1_DE-75x100.jpg 75w, https:\/\/smart-chip.com\/wp-content\/uploads\/2026\/03\/SC_Post-Pack_Carousel_Purple_1_DE-8x10.jpg 8w\" sizes=\"auto, (max-width: 1080px) 100vw, 1080px\" \/><\/div><\/div><div class=\"w-image us_custom_ca87b3a5 align_none\"><div class=\"w-image-h\"><img decoding=\"async\" width=\"1080\" height=\"1440\" src=\"https:\/\/smart-chip.com\/wp-content\/uploads\/2026\/03\/SC_Post-Pack_Carousel_Purple_2_DE.jpg\" class=\"attachment-full size-full\" alt=\"\" loading=\"lazy\" srcset=\"https:\/\/smart-chip.com\/wp-content\/uploads\/2026\/03\/SC_Post-Pack_Carousel_Purple_2_DE.jpg 1080w, https:\/\/smart-chip.com\/wp-content\/uploads\/2026\/03\/SC_Post-Pack_Carousel_Purple_2_DE-225x300.jpg 225w, https:\/\/smart-chip.com\/wp-content\/uploads\/2026\/03\/SC_Post-Pack_Carousel_Purple_2_DE-768x1024.jpg 768w, https:\/\/smart-chip.com\/wp-content\/uploads\/2026\/03\/SC_Post-Pack_Carousel_Purple_2_DE-9x12.jpg 9w, https:\/\/smart-chip.com\/wp-content\/uploads\/2026\/03\/SC_Post-Pack_Carousel_Purple_2_DE-300x400.jpg 300w, https:\/\/smart-chip.com\/wp-content\/uploads\/2026\/03\/SC_Post-Pack_Carousel_Purple_2_DE-150x200.jpg 150w, https:\/\/smart-chip.com\/wp-content\/uploads\/2026\/03\/SC_Post-Pack_Carousel_Purple_2_DE-75x100.jpg 75w, https:\/\/smart-chip.com\/wp-content\/uploads\/2026\/03\/SC_Post-Pack_Carousel_Purple_2_DE-8x10.jpg 8w\" sizes=\"auto, (max-width: 1080px) 100vw, 1080px\" \/><\/div><\/div><\/div><\/div><\/div><div class=\"wpb_column vc_column_container\"><div class=\"vc_column-inner\"><div class=\"w-hwrapper valign_top align_none\" style=\"--hwrapper-gap:0.1rem\"><div class=\"w-image us_custom_1b7da02e align_none\"><div class=\"w-image-h\"><img decoding=\"async\" width=\"1080\" height=\"1440\" src=\"https:\/\/smart-chip.com\/wp-content\/uploads\/2026\/03\/SC_Post-Pack_Carousel_Pink_1_DE.jpg\" class=\"attachment-full size-full\" alt=\"\" loading=\"lazy\" srcset=\"https:\/\/smart-chip.com\/wp-content\/uploads\/2026\/03\/SC_Post-Pack_Carousel_Pink_1_DE.jpg 1080w, https:\/\/smart-chip.com\/wp-content\/uploads\/2026\/03\/SC_Post-Pack_Carousel_Pink_1_DE-225x300.jpg 225w, https:\/\/smart-chip.com\/wp-content\/uploads\/2026\/03\/SC_Post-Pack_Carousel_Pink_1_DE-768x1024.jpg 768w, https:\/\/smart-chip.com\/wp-content\/uploads\/2026\/03\/SC_Post-Pack_Carousel_Pink_1_DE-9x12.jpg 9w, https:\/\/smart-chip.com\/wp-content\/uploads\/2026\/03\/SC_Post-Pack_Carousel_Pink_1_DE-300x400.jpg 300w, https:\/\/smart-chip.com\/wp-content\/uploads\/2026\/03\/SC_Post-Pack_Carousel_Pink_1_DE-150x200.jpg 150w, https:\/\/smart-chip.com\/wp-content\/uploads\/2026\/03\/SC_Post-Pack_Carousel_Pink_1_DE-75x100.jpg 75w, https:\/\/smart-chip.com\/wp-content\/uploads\/2026\/03\/SC_Post-Pack_Carousel_Pink_1_DE-8x10.jpg 8w\" sizes=\"auto, (max-width: 1080px) 100vw, 1080px\" \/><\/div><\/div><div class=\"w-image us_custom_ca87b3a5 align_none\"><div class=\"w-image-h\"><img decoding=\"async\" width=\"1080\" height=\"1440\" src=\"https:\/\/smart-chip.com\/wp-content\/uploads\/2026\/03\/SC_Post-Pack_Carousel_Pink_2_DE.jpg\" class=\"attachment-full size-full\" alt=\"\" loading=\"lazy\" srcset=\"https:\/\/smart-chip.com\/wp-content\/uploads\/2026\/03\/SC_Post-Pack_Carousel_Pink_2_DE.jpg 1080w, https:\/\/smart-chip.com\/wp-content\/uploads\/2026\/03\/SC_Post-Pack_Carousel_Pink_2_DE-225x300.jpg 225w, https:\/\/smart-chip.com\/wp-content\/uploads\/2026\/03\/SC_Post-Pack_Carousel_Pink_2_DE-768x1024.jpg 768w, https:\/\/smart-chip.com\/wp-content\/uploads\/2026\/03\/SC_Post-Pack_Carousel_Pink_2_DE-9x12.jpg 9w, https:\/\/smart-chip.com\/wp-content\/uploads\/2026\/03\/SC_Post-Pack_Carousel_Pink_2_DE-300x400.jpg 300w, https:\/\/smart-chip.com\/wp-content\/uploads\/2026\/03\/SC_Post-Pack_Carousel_Pink_2_DE-150x200.jpg 150w, https:\/\/smart-chip.com\/wp-content\/uploads\/2026\/03\/SC_Post-Pack_Carousel_Pink_2_DE-75x100.jpg 75w, https:\/\/smart-chip.com\/wp-content\/uploads\/2026\/03\/SC_Post-Pack_Carousel_Pink_2_DE-8x10.jpg 8w\" sizes=\"auto, (max-width: 1080px) 100vw, 1080px\" \/><\/div><\/div><\/div><\/div><\/div><\/div><\/div><\/div><\/div><\/div><\/section><section class=\"l-section wpb_row us_custom_c70c97eb height_medium\"><div class=\"l-section-h i-cf\"><div class=\"g-cols vc_row via_grid cols_1 laptops-cols_inherit tablets-cols_inherit mobiles-cols_1 valign_top type_default stacking_default\"><div class=\"wpb_column vc_column_container\"><div class=\"vc_column-inner\"><\/div><\/div><\/div><\/div><\/section>","protected":false},"excerpt":{"rendered":"Social Media Kit Ready to start selling the Smart Chip? Download high quality images to post on your socials and inform your customers about this new payment revolution. Do you want to design your own post? Find images in the media kit. For print files to outfit your store, visit the Download Center. Posts Short...","protected":false},"author":2,"featured_media":0,"parent":0,"menu_order":0,"comment_status":"closed","ping_status":"closed","template":"","meta":{"_acf_changed":false,"footnotes":""},"class_list":["post-8577","page","type-page","status-publish","hentry"],"acf":[],"yoast_head":"<!-- This site is optimized with the Yoast SEO plugin v27.2 - https:\/\/yoast.com\/product\/yoast-seo-wordpress\/ -->\n<title>Social Media Kit - Smart Chip<\/title>\n<meta name=\"robots\" content=\"index, follow, max-snippet:-1, max-image-preview:large, max-video-preview:-1\" \/>\n<link rel=\"canonical\" href=\"https:\/\/smart-chip.com\/de\/socialkit\/\" \/>\n<meta property=\"og:locale\" content=\"de_DE\" \/>\n<meta property=\"og:type\" content=\"article\" \/>\n<meta property=\"og:title\" content=\"Social Media Kit - Smart Chip\" \/>\n<meta property=\"og:url\" content=\"https:\/\/smart-chip.com\/de\/socialkit\/\" \/>\n<meta property=\"og:site_name\" content=\"Smart Chip\" \/>\n<meta property=\"article:modified_time\" content=\"2026-04-09T08:44:43+00:00\" \/>\n<meta name=\"twitter:card\" content=\"summary_large_image\" \/>\n<meta name=\"twitter:label1\" content=\"Gesch\u00e4tzte Lesezeit\" \/>\n\t<meta name=\"twitter:data1\" content=\"2\u00a0Minuten\" \/>\n<script type=\"application\/ld+json\" class=\"yoast-schema-graph\">{\"@context\":\"https:\/\/schema.org\",\"@graph\":[{\"@type\":\"WebPage\",\"@id\":\"https:\/\/smart-chip.com\/socialkit\/\",\"url\":\"https:\/\/smart-chip.com\/socialkit\/\",\"name\":\"Social Media Kit - Smart Chip\",\"isPartOf\":{\"@id\":\"https:\/\/smart-chip.com\/#website\"},\"datePublished\":\"2026-03-04T14:57:08+00:00\",\"dateModified\":\"2026-04-09T08:44:43+00:00\",\"breadcrumb\":{\"@id\":\"https:\/\/smart-chip.com\/socialkit\/#breadcrumb\"},\"inLanguage\":\"de\",\"potentialAction\":[{\"@type\":\"ReadAction\",\"target\":[\"https:\/\/smart-chip.com\/socialkit\/\"]}]},{\"@type\":\"BreadcrumbList\",\"@id\":\"https:\/\/smart-chip.com\/socialkit\/#breadcrumb\",\"itemListElement\":[{\"@type\":\"ListItem\",\"position\":1,\"name\":\"Home\",\"item\":\"https:\/\/smart-chip.com\/\"},{\"@type\":\"ListItem\",\"position\":2,\"name\":\"Social Media Kit\"}]},{\"@type\":\"WebSite\",\"@id\":\"https:\/\/smart-chip.com\/#website\",\"url\":\"https:\/\/smart-chip.com\/\",\"name\":\"Smart Chip - The world at your fingertip\",\"description\":\"The world at your fingertip\",\"potentialAction\":[{\"@type\":\"SearchAction\",\"target\":{\"@type\":\"EntryPoint\",\"urlTemplate\":\"https:\/\/smart-chip.com\/?s={search_term_string}\"},\"query-input\":{\"@type\":\"PropertyValueSpecification\",\"valueRequired\":true,\"valueName\":\"search_term_string\"}}],\"inLanguage\":\"de\"}]}<\/script>\n<!-- \/ Yoast SEO plugin. -->","yoast_head_json":{"title":"Social Media Kit - Smart Chip","robots":{"index":"index","follow":"follow","max-snippet":"max-snippet:-1","max-image-preview":"max-image-preview:large","max-video-preview":"max-video-preview:-1"},"canonical":"https:\/\/smart-chip.com\/de\/socialkit\/","og_locale":"de_DE","og_type":"article","og_title":"Social Media Kit - Smart Chip","og_url":"https:\/\/smart-chip.com\/de\/socialkit\/","og_site_name":"Smart Chip","article_modified_time":"2026-04-09T08:44:43+00:00","twitter_card":"summary_large_image","twitter_misc":{"Gesch\u00e4tzte Lesezeit":"2\u00a0Minuten"},"schema":{"@context":"https:\/\/schema.org","@graph":[{"@type":"WebPage","@id":"https:\/\/smart-chip.com\/socialkit\/","url":"https:\/\/smart-chip.com\/socialkit\/","name":"Social Media Kit - Smart Chip","isPartOf":{"@id":"https:\/\/smart-chip.com\/#website"},"datePublished":"2026-03-04T14:57:08+00:00","dateModified":"2026-04-09T08:44:43+00:00","breadcrumb":{"@id":"https:\/\/smart-chip.com\/socialkit\/#breadcrumb"},"inLanguage":"de","potentialAction":[{"@type":"ReadAction","target":["https:\/\/smart-chip.com\/socialkit\/"]}]},{"@type":"BreadcrumbList","@id":"https:\/\/smart-chip.com\/socialkit\/#breadcrumb","itemListElement":[{"@type":"ListItem","position":1,"name":"Home","item":"https:\/\/smart-chip.com\/"},{"@type":"ListItem","position":2,"name":"Social Media Kit"}]},{"@type":"WebSite","@id":"https:\/\/smart-chip.com\/#website","url":"https:\/\/smart-chip.com\/","name":"Smart Chip - Die Welt an deiner Fingerspitze","description":"Die Welt an deiner Fingerspitze","potentialAction":[{"@type":"SearchAction","target":{"@type":"EntryPoint","urlTemplate":"https:\/\/smart-chip.com\/?s={search_term_string}"},"query-input":{"@type":"PropertyValueSpecification","valueRequired":true,"valueName":"search_term_string"}}],"inLanguage":"de"}]}},"_links":{"self":[{"href":"https:\/\/smart-chip.com\/de\/wp-json\/wp\/v2\/pages\/8577","targetHints":{"allow":["GET"]}}],"collection":[{"href":"https:\/\/smart-chip.com\/de\/wp-json\/wp\/v2\/pages"}],"about":[{"href":"https:\/\/smart-chip.com\/de\/wp-json\/wp\/v2\/types\/page"}],"author":[{"embeddable":true,"href":"https:\/\/smart-chip.com\/de\/wp-json\/wp\/v2\/users\/2"}],"replies":[{"embeddable":true,"href":"https:\/\/smart-chip.com\/de\/wp-json\/wp\/v2\/comments?post=8577"}],"version-history":[{"count":2,"href":"https:\/\/smart-chip.com\/de\/wp-json\/wp\/v2\/pages\/8577\/revisions"}],"predecessor-version":[{"id":9268,"href":"https:\/\/smart-chip.com\/de\/wp-json\/wp\/v2\/pages\/8577\/revisions\/9268"}],"wp:attachment":[{"href":"https:\/\/smart-chip.com\/de\/wp-json\/wp\/v2\/media?parent=8577"}],"curies":[{"name":"wp","href":"https:\/\/api.w.org\/{rel}","templated":true}]}}